{"id":81,"date":"2025-10-21T20:22:37","date_gmt":"2025-10-21T20:22:37","guid":{"rendered":"https:\/\/treudhead.de\/?page_id=81"},"modified":"2025-10-21T22:21:13","modified_gmt":"2025-10-21T22:21:13","slug":"privat-2","status":"publish","type":"page","link":"https:\/\/treudhead.de\/index.php\/privat-2\/","title":{"rendered":"Privat"},"content":{"rendered":"\t\t<div data-elementor-type=\"wp-page\" data-elementor-id=\"81\" class=\"elementor elementor-81\" data-elementor-post-type=\"page\">\n\t\t\t\t<div class=\"elementor-element elementor-element-6a59f28f e-flex e-con-boxed e-con e-parent\" data-id=\"6a59f28f\" data-element_type=\"container\">\n\t\t\t\t\t<div class=\"e-con-inner\">\n\t\t\t\t<div class=\"elementor-element elementor-element-6dd54dd elementor-widget elementor-widget-text-editor\" data-id=\"6dd54dd\" data-element_type=\"widget\" data-widget_type=\"text-editor.default\">\n\t\t\t\t\t\t\t\t\t<p data-start=\"2398\" data-end=\"2613\">Ich bin\u00a0<strong data-start=\"2406\" data-end=\"2416\">Stefan<\/strong>\u00a0\u2013 T\u00fcftler, Fotograf und jemand, der Dinge lieber selbst baut, statt sie fertig zu kaufen.<br data-start=\"2506\" data-end=\"2509\" \/>Diese Seite ist mein pers\u00f6nlicher Ort f\u00fcr Technik, Fotografie und Projekte, die aus Neugier entstehen.<\/p><p data-start=\"2615\" data-end=\"2861\">Ich dokumentiere hier, was ich entwickle, teste oder einfach ausprobiere \u2013<br data-start=\"2689\" data-end=\"2692\" \/>von\u00a0<strong data-start=\"2696\" data-end=\"2731\">NAS-Systemen und Netzwerkaufbau<\/strong>\u00a0\u00fcber\u00a0<strong data-start=\"2737\" data-end=\"2759\">CNC und Elektronik<\/strong>\u00a0bis hin zur\u00a0<strong data-start=\"2772\" data-end=\"2791\">Astrofotografie<\/strong>\u00a0und meiner\u00a0<strong data-start=\"2803\" data-end=\"2820\">AllSky-Kamera<\/strong>, die jede Nacht den Himmel beobachtet.<\/p><p data-start=\"2863\" data-end=\"3004\">Diese Seite ist entstanden, weil ich Wissen teilen will, das in keinem Handbuch steht \u2013 ehrlich, nachvollziehbar und direkt aus der Praxis.<\/p>\t\t\t\t\t\t\t\t<\/div>\n\t\t\t\t<div class=\"elementor-element elementor-element-2d809adb elementor-widget elementor-widget-wpzoom-elementor-addons-image-box\" data-id=\"2d809adb\" data-element_type=\"widget\" data-widget_type=\"wpzoom-elementor-addons-image-box.default\">\n\t\t\t\t<div class=\"elementor-widget-container\">\n\t\t\t\t\t\t\t<div class=\"wpzoom-elementor-addons-image-box\">\n\t\t\t<h3>\n\t\t\t\t<span class=\"wpzoom-elementor-addons-image-box-link not-linked has-image\" style=\"background-image:url('https:\/\/treudhead.de\/wp-content\/uploads\/2025\/10\/placeholder-4.png');\"><span>This is the heading<\/span><\/span>\t\t\t<\/h3>\n\t\t<\/div><!-- \/\/.wpzoom-elementor-addons-image-box -->\n\t\t\t\t\t\t<\/div>\n\t\t\t\t<\/div>\n\t\t\t\t<div class=\"elementor-element elementor-element-bfb7b2b elementor-widget-divider--view-line elementor-widget elementor-widget-divider\" data-id=\"bfb7b2b\" data-element_type=\"widget\" data-widget_type=\"divider.default\">\n\t\t\t\t\t\t\t<div class=\"elementor-divider\">\n\t\t\t<span class=\"elementor-divider-separator\">\n\t\t\t\t\t\t<\/span>\n\t\t<\/div>\n\t\t\t\t\t\t<\/div>\n\t\t\t\t<div class=\"elementor-element elementor-element-5a3dd83 elementor-widget elementor-widget-heading\" data-id=\"5a3dd83\" data-element_type=\"widget\" data-widget_type=\"heading.default\">\n\t\t\t\t\t<h2 class=\"elementor-heading-title elementor-size-default\">Gib hier deine \u00dcberschrift ein<\/h2>\t\t\t\t<\/div>\n\t\t\t\t<div class=\"elementor-element elementor-element-ae0d20b elementor-widget elementor-widget-wpzoom-elementor-addons-team-members\" data-id=\"ae0d20b\" data-element_type=\"widget\" data-widget_type=\"wpzoom-elementor-addons-team-members.default\">\n\t\t\t\t<div class=\"elementor-widget-container\">\n\t\t\t\t\t\n\t\t\t\t\t<figure class=\"wpz-member-figure\">\n\t\t\t\t<img decoding=\"async\" src=\"https:\/\/treudhead.de\/wp-content\/plugins\/elementor\/assets\/images\/placeholder.png\" title=\"\" alt=\"\" class=\"elementor-animation-disable-animation\" loading=\"lazy\" \/>\t\t\t<\/figure>\n\t\t\n\t\t<div class=\"wpz-member-body\">\n\t\t\t<h2 class=\"wpz-member-name\">Team Member Name<\/h2>\n\t\t\t\t\t\t\t<div class=\"wpz-member-position\">Officer<\/div>\n\t\t\t\n\t\t\t\n\t\t\t\n\t\t\t\t\t\t\t<div class=\"wpz-member-links\">\n\t\t\t\t\t<a target=\"_blank\" rel=\"noopener\" href=\"https:\/\/www.facebook.com\/Treudi\" class=\"elementor-repeater-item-fcb24e4\"><i class=\"fa-facebook fab\" aria-hidden=\"true\"><\/i><\/a><a target=\"_blank\" rel=\"noopener\" href=\"https:\/\/www.instagram.com\/treudhead\/\" class=\"elementor-repeater-item-4b4f763\"><i class=\"fa-instagram fab\" aria-hidden=\"true\"><\/i><\/a><a target=\"_blank\" rel=\"noopener\" href=\"https:\/\/x.com\/S_Treudi\" class=\"elementor-repeater-item-90ee524\"><i class=\"fa-x-twitter fab\" aria-hidden=\"true\"><\/i><\/a>\t\t\t\t<\/div>\n\t\t\t\n\t\t\t\t\t<\/div>\n\t\t\t\t\t\t<\/div>\n\t\t\t\t<\/div>\n\t\t\t\t\t<\/div>\n\t\t\t\t<\/div>\n\t\t\t\t<\/div>\n\t\t","protected":false},"excerpt":{"rendered":"<p>Ich bin\u00a0Stefan\u00a0\u2013 T\u00fcftler, Fotograf und jemand, der Dinge lieber selbst baut, statt sie fertig zu kaufen.Diese Seite ist mein pers\u00f6nlicher Ort f\u00fcr Technik, Fotografie und Projekte, die aus Neugier entstehen. Ich dokumentiere hier, was ich entwickle, teste oder einfach ausprobiere \u2013von\u00a0NAS-Systemen und Netzwerkaufbau\u00a0\u00fcber\u00a0CNC und Elektronik\u00a0bis hin zur\u00a0Astrofotografie\u00a0und meiner\u00a0AllSky-Kamera, die jede Nacht den Himmel beobachtet. Diese &hellip; <\/p>\n<p class=\"link-more\"><a href=\"https:\/\/treudhead.de\/index.php\/privat-2\/\" class=\"more-link\">Mehr <span class=\"screen-reader-text\">\u00fcber &#8222;Privat&#8220; <\/span>Lesen<\/a><\/p>\n","protected":false},"author":1,"featured_media":0,"parent":0,"menu_order":0,"comment_status":"closed","ping_status":"closed","template":"elementor_header_footer","meta":{"footnotes":""},"class_list":["post-81","page","type-page","status-publish","hentry"],"featured_media_urls":[],"_links":{"self":[{"href":"https:\/\/treudhead.de\/index.php\/wp-json\/wp\/v2\/pages\/81","targetHints":{"allow":["GET"]}}],"collection":[{"href":"https:\/\/treudhead.de\/index.php\/wp-json\/wp\/v2\/pages"}],"about":[{"href":"https:\/\/treudhead.de\/index.php\/wp-json\/wp\/v2\/types\/page"}],"author":[{"embeddable":true,"href":"https:\/\/treudhead.de\/index.php\/wp-json\/wp\/v2\/users\/1"}],"replies":[{"embeddable":true,"href":"https:\/\/treudhead.de\/index.php\/wp-json\/wp\/v2\/comments?post=81"}],"version-history":[{"count":10,"href":"https:\/\/treudhead.de\/index.php\/wp-json\/wp\/v2\/pages\/81\/revisions"}],"predecessor-version":[{"id":226,"href":"https:\/\/treudhead.de\/index.php\/wp-json\/wp\/v2\/pages\/81\/revisions\/226"}],"wp:attachment":[{"href":"https:\/\/treudhead.de\/index.php\/wp-json\/wp\/v2\/media?parent=81"}],"curies":[{"name":"wp","href":"https:\/\/api.w.org\/{rel}","templated":true}]}}